{"id":3072,"date":"2020-08-20T04:01:52","date_gmt":"2020-08-20T02:01:52","guid":{"rendered":"https:\/\/www.korowaniedrewna.pl\/ueber-das-unternehmen\/"},"modified":"2022-06-16T17:19:59","modified_gmt":"2022-06-16T15:19:59","slug":"ueber-das-unternehmen-kamar-drew","status":"publish","type":"page","link":"https:\/\/www.korowaniedrewna.pl\/de\/ueber-das-unternehmen-kamar-drew\/","title":{"rendered":"\u00dcber uns"},"content":{"rendered":"\t\t<div data-elementor-type=\"wp-page\" data-elementor-id=\"3072\" class=\"elementor elementor-3072 elementor-1133\">\n\t\t\t\t\t\t\t\t\t<section class=\"elementor-section elementor-top-section elementor-element elementor-element-cd5ad33 elementor-section-boxed elementor-section-height-default elementor-section-height-default\" data-id=\"cd5ad33\" data-element_type=\"section\">\n\t\t\t\t\t\t<div class=\"elementor-container elementor-column-gap-default\">\n\t\t\t\t\t<div class=\"elementor-column elementor-col-100 elementor-top-column elementor-element elementor-element-7ebbcbd\" data-id=\"7ebbcbd\" data-element_type=\"column\">\n\t\t\t<div class=\"elementor-widget-wrap elementor-element-populated\">\n\t\t\t\t\t\t\t\t<div class=\"elementor-element elementor-element-9ab3325 elementor-widget elementor-widget-spacer\" data-id=\"9ab3325\" data-element_type=\"widget\" data-widget_type=\"spacer.default\">\n\t\t\t\t<div class=\"elementor-widget-container\">\n\t\t\t<style>\/*! elementor - v3.11.3 - 07-03-2023 *\/\n.elementor-column .elementor-spacer-inner{height:var(--spacer-size)}.e-con{--container-widget-width:100%}.e-con-inner>.elementor-widget-spacer,.e-con>.elementor-widget-spacer{width:var(--container-widget-width,var(--spacer-size));--align-self:var(--container-widget-align-self,initial);--flex-shrink:0}.e-con-inner>.elementor-widget-spacer>.elementor-widget-container,.e-con-inner>.elementor-widget-spacer>.elementor-widget-container>.elementor-spacer,.e-con>.elementor-widget-spacer>.elementor-widget-container,.e-con>.elementor-widget-spacer>.elementor-widget-container>.elementor-spacer{height:100%}.e-con-inner>.elementor-widget-spacer>.elementor-widget-container>.elementor-spacer>.elementor-spacer-inner,.e-con>.elementor-widget-spacer>.elementor-widget-container>.elementor-spacer>.elementor-spacer-inner{height:var(--container-widget-height,var(--spacer-size))}<\/style>\t\t<div class=\"elementor-spacer\">\n\t\t\t<div class=\"elementor-spacer-inner\"><\/div>\n\t\t<\/div>\n\t\t\t\t<\/div>\n\t\t\t\t<\/div>\n\t\t\t\t\t<\/div>\n\t\t<\/div>\n\t\t\t\t\t\t\t<\/div>\n\t\t<\/section>\n\t\t\t\t<section class=\"elementor-section elementor-top-section elementor-element elementor-element-2674014 elementor-section-content-middle elementor-section-boxed elementor-section-height-default elementor-section-height-default\" data-id=\"2674014\" data-element_type=\"section\">\n\t\t\t\t\t\t<div class=\"elementor-container elementor-column-gap-extended\">\n\t\t\t\t\t<div class=\"elementor-column elementor-col-50 elementor-top-column elementor-element elementor-element-c770cef\" data-id=\"c770cef\" data-element_type=\"column\">\n\t\t\t<div class=\"elementor-widget-wrap elementor-element-populated\">\n\t\t\t\t\t\t\t\t<div class=\"elementor-element elementor-element-336698e align-left elementor-widget elementor-widget-mae-headings\" data-id=\"336698e\" data-element_type=\"widget\" data-widget_type=\"mae-headings.default\">\n\t\t\t\t<div class=\"elementor-widget-container\">\n\t\t\t\t\t<div class=\"master-heading\">\n\t        \n\t        \t        <h2 class=\"main-heading\">Gesellschaft KAMAR-DREW<br\/>Janusz Grabowski<\/h2>\n\t        \n\t        \t        <div class=\"divider\"><\/div>\n\t        \n\t        \t            <div class=\"sub-heading\">Die Firma KAMAR-DREW Janusz Grabowski ist seit dem 1. Dezember 1996, also seit \u00fcber 26 Jahren, auf dem polnischen Markt t\u00e4tig. Der Hauptsitz des Unternehmens befindet sich in Daleszewo (17 km von Szczecin und 11 km vom Grenz\u00fcbergang in Ko\u0142baskowo entfernt), wo eine 1 Hektar gro\u00dfe Produktionsst\u00e4tte betrieben wird. Wir besch\u00e4ftigen 7 Fachkr\u00e4fte und sind ein Familienunternehmen mit langer Tradition.<\/div>\n\t        \t    <\/div>\n\t    \t\t<\/div>\n\t\t\t\t<\/div>\n\t\t\t\t<div class=\"elementor-element elementor-element-8b58a54 elementor-widget elementor-widget-spacer\" data-id=\"8b58a54\" data-element_type=\"widget\" data-widget_type=\"spacer.default\">\n\t\t\t\t<div class=\"elementor-widget-container\">\n\t\t\t\t\t<div class=\"elementor-spacer\">\n\t\t\t<div class=\"elementor-spacer-inner\"><\/div>\n\t\t<\/div>\n\t\t\t\t<\/div>\n\t\t\t\t<\/div>\n\t\t\t\t<div class=\"elementor-element elementor-element-9d20b38 align-center elementor-widget elementor-widget-mae-button\" data-id=\"9d20b38\" data-element_type=\"widget\" data-widget_type=\"mae-button.default\">\n\t\t\t\t<div class=\"elementor-widget-container\">\n\t\t\t\n        <a class=\"master-button btn-accent icon-none small\" href=\"\/de\/entrindung-von-holz\/\" >\n                        <span>Was wir tun<\/span>\n                    <\/a>\n\n        \t\t<\/div>\n\t\t\t\t<\/div>\n\t\t\t\t\t<\/div>\n\t\t<\/div>\n\t\t\t\t<div class=\"elementor-column elementor-col-50 elementor-top-column elementor-element elementor-element-9a8be8f\" data-id=\"9a8be8f\" data-element_type=\"column\">\n\t\t\t<div class=\"elementor-widget-wrap elementor-element-populated\">\n\t\t\t\t\t\t\t\t<div class=\"elementor-element elementor-element-c23d503 elementor-widget elementor-widget-mae-parallax-image\" data-id=\"c23d503\" data-element_type=\"widget\" data-widget_type=\"mae-parallax-image.default\">\n\t\t\t\t<div class=\"elementor-widget-container\">\n\t\t\t\t\t<div class=\"master-parallax-box\">\n\t\t\t<div class=\"parallax-wrap\">\n\t\t\t\t\t\t\t\t\t<div class=\"master-parallax-item elementor-repeater-item-9e2ec66\" style=\"\" data-parallax='{\"x\" : -50, \"y\" : 0, \"smoothness\" : 30}' data-top=\"0px\"><img decoding=\"async\" src=\"https:\/\/www.korowaniedrewna.pl\/wp-content\/uploads\/2022\/06\/img-side-2.jpg\" alt=\"\"><\/div>\t\t\t\t\t\t\t\t\t<div class=\"master-parallax-item elementor-repeater-item-20e363a\" style=\"\" data-parallax='{\"x\" : 50, \"y\" : 0, \"smoothness\" : 30}' data-top=\"50px\"><img decoding=\"async\" src=\"https:\/\/www.korowaniedrewna.pl\/wp-content\/uploads\/2022\/06\/img-side-1.jpg\" alt=\"\"><\/div>\t\t\t\t\t\t\t<\/div>\n\t\t<\/div>\n\t    \t\t<\/div>\n\t\t\t\t<\/div>\n\t\t\t\t\t<\/div>\n\t\t<\/div>\n\t\t\t\t\t\t\t<\/div>\n\t\t<\/section>\n\t\t\t\t<section class=\"elementor-section elementor-top-section elementor-element elementor-element-cc9b8e8 elementor-section-boxed elementor-section-height-default elementor-section-height-default\" data-id=\"cc9b8e8\" data-element_type=\"section\">\n\t\t\t\t\t\t<div class=\"elementor-container elementor-column-gap-default\">\n\t\t\t\t\t<div class=\"elementor-column elementor-col-100 elementor-top-column elementor-element elementor-element-b9a1bfc\" data-id=\"b9a1bfc\" data-element_type=\"column\">\n\t\t\t<div class=\"elementor-widget-wrap elementor-element-populated\">\n\t\t\t\t\t\t\t\t<div class=\"elementor-element elementor-element-2de59e9 elementor-widget elementor-widget-spacer\" data-id=\"2de59e9\" data-element_type=\"widget\" data-widget_type=\"spacer.default\">\n\t\t\t\t<div class=\"elementor-widget-container\">\n\t\t\t\t\t<div class=\"elementor-spacer\">\n\t\t\t<div class=\"elementor-spacer-inner\"><\/div>\n\t\t<\/div>\n\t\t\t\t<\/div>\n\t\t\t\t<\/div>\n\t\t\t\t<div class=\"elementor-element elementor-element-ce0b871 elementor-widget elementor-widget-image-gallery\" data-id=\"ce0b871\" data-element_type=\"widget\" data-widget_type=\"image-gallery.default\">\n\t\t\t\t<div class=\"elementor-widget-container\">\n\t\t\t<style>\/*! elementor - v3.11.3 - 07-03-2023 *\/\n.elementor-image-gallery .gallery-item{display:inline-block;text-align:center;vertical-align:top;width:100%;max-width:100%;margin:0 auto}.elementor-image-gallery .gallery-item img{margin:0 auto}.elementor-image-gallery .gallery-item .gallery-caption{margin:0}.elementor-image-gallery figure img{display:block}.elementor-image-gallery figure figcaption{width:100%}.gallery-spacing-custom .elementor-image-gallery .gallery-icon{padding:0}@media (min-width:768px){.elementor-image-gallery .gallery-columns-2 .gallery-item{max-width:50%}.elementor-image-gallery .gallery-columns-3 .gallery-item{max-width:33.33%}.elementor-image-gallery .gallery-columns-4 .gallery-item{max-width:25%}.elementor-image-gallery .gallery-columns-5 .gallery-item{max-width:20%}.elementor-image-gallery .gallery-columns-6 .gallery-item{max-width:16.666%}.elementor-image-gallery .gallery-columns-7 .gallery-item{max-width:14.28%}.elementor-image-gallery .gallery-columns-8 .gallery-item{max-width:12.5%}.elementor-image-gallery .gallery-columns-9 .gallery-item{max-width:11.11%}.elementor-image-gallery .gallery-columns-10 .gallery-item{max-width:10%}}@media (min-width:480px) and (max-width:767px){.elementor-image-gallery .gallery.gallery-columns-2 .gallery-item,.elementor-image-gallery .gallery.gallery-columns-3 .gallery-item,.elementor-image-gallery .gallery.gallery-columns-4 .gallery-item,.elementor-image-gallery .gallery.gallery-columns-5 .gallery-item,.elementor-image-gallery .gallery.gallery-columns-6 .gallery-item,.elementor-image-gallery .gallery.gallery-columns-7 .gallery-item,.elementor-image-gallery .gallery.gallery-columns-8 .gallery-item,.elementor-image-gallery .gallery.gallery-columns-9 .gallery-item,.elementor-image-gallery .gallery.gallery-columns-10 .gallery-item{max-width:50%}}@media (max-width:479px){.elementor-image-gallery .gallery.gallery-columns-2 .gallery-item,.elementor-image-gallery .gallery.gallery-columns-3 .gallery-item,.elementor-image-gallery .gallery.gallery-columns-4 .gallery-item,.elementor-image-gallery .gallery.gallery-columns-5 .gallery-item,.elementor-image-gallery .gallery.gallery-columns-6 .gallery-item,.elementor-image-gallery .gallery.gallery-columns-7 .gallery-item,.elementor-image-gallery .gallery.gallery-columns-8 .gallery-item,.elementor-image-gallery .gallery.gallery-columns-9 .gallery-item,.elementor-image-gallery .gallery.gallery-columns-10 .gallery-item{max-width:100%}}<\/style>\t\t<div class=\"elementor-image-gallery\">\n\t\t\t<div id='gallery-1' class='gallery galleryid-3072 gallery-columns-3 gallery-size-medium'><figure class='gallery-item'>\n\t\t\t<div class='gallery-icon landscape'>\n\t\t\t\t<a data-elementor-open-lightbox=\"yes\" data-elementor-lightbox-slideshow=\"ce0b871\" data-elementor-lightbox-title=\"galeria-kamar-drew (4)\" data-e-action-hash=\"#elementor-action%3Aaction%3Dlightbox%26settings%3DeyJpZCI6MzQ2NywidXJsIjoiaHR0cHM6XC9cL3d3dy5rb3Jvd2FuaWVkcmV3bmEucGxcL3dwLWNvbnRlbnRcL3VwbG9hZHNcLzIwMjJcLzA2XC9nYWxlcmlhLWthbWFyLWRyZXctNC5qcGciLCJzbGlkZXNob3ciOiJjZTBiODcxIn0%3D\" href='https:\/\/www.korowaniedrewna.pl\/wp-content\/uploads\/2022\/06\/galeria-kamar-drew-4.jpg'><img width=\"300\" height=\"273\" src=\"https:\/\/www.korowaniedrewna.pl\/wp-content\/uploads\/2022\/06\/galeria-kamar-drew-4-300x273.jpg\" class=\"attachment-medium size-medium\" alt=\"\" decoding=\"async\" loading=\"lazy\" srcset=\"https:\/\/www.korowaniedrewna.pl\/wp-content\/uploads\/2022\/06\/galeria-kamar-drew-4-300x273.jpg 300w, https:\/\/www.korowaniedrewna.pl\/wp-content\/uploads\/2022\/06\/galeria-kamar-drew-4.jpg 560w\" sizes=\"(max-width: 300px) 100vw, 300px\" \/><\/a>\n\t\t\t<\/div><\/figure><figure class='gallery-item'>\n\t\t\t<div class='gallery-icon landscape'>\n\t\t\t\t<a data-elementor-open-lightbox=\"yes\" data-elementor-lightbox-slideshow=\"ce0b871\" data-elementor-lightbox-title=\"galeria-kamar-drew (5)\" data-e-action-hash=\"#elementor-action%3Aaction%3Dlightbox%26settings%3DeyJpZCI6MzQ3MCwidXJsIjoiaHR0cHM6XC9cL3d3dy5rb3Jvd2FuaWVkcmV3bmEucGxcL3dwLWNvbnRlbnRcL3VwbG9hZHNcLzIwMjJcLzA2XC9nYWxlcmlhLWthbWFyLWRyZXctNS5qcGciLCJzbGlkZXNob3ciOiJjZTBiODcxIn0%3D\" href='https:\/\/www.korowaniedrewna.pl\/wp-content\/uploads\/2022\/06\/galeria-kamar-drew-5.jpg'><img width=\"300\" height=\"216\" src=\"https:\/\/www.korowaniedrewna.pl\/wp-content\/uploads\/2022\/06\/galeria-kamar-drew-5-300x216.jpg\" class=\"attachment-medium size-medium\" alt=\"\" decoding=\"async\" loading=\"lazy\" srcset=\"https:\/\/www.korowaniedrewna.pl\/wp-content\/uploads\/2022\/06\/galeria-kamar-drew-5-300x216.jpg 300w, https:\/\/www.korowaniedrewna.pl\/wp-content\/uploads\/2022\/06\/galeria-kamar-drew-5.jpg 556w\" sizes=\"(max-width: 300px) 100vw, 300px\" \/><\/a>\n\t\t\t<\/div><\/figure><figure class='gallery-item'>\n\t\t\t<div class='gallery-icon landscape'>\n\t\t\t\t<a data-elementor-open-lightbox=\"yes\" data-elementor-lightbox-slideshow=\"ce0b871\" data-elementor-lightbox-title=\"galeria-kamar-drew (6)\" data-e-action-hash=\"#elementor-action%3Aaction%3Dlightbox%26settings%3DeyJpZCI6MzQ3MywidXJsIjoiaHR0cHM6XC9cL3d3dy5rb3Jvd2FuaWVkcmV3bmEucGxcL3dwLWNvbnRlbnRcL3VwbG9hZHNcLzIwMjJcLzA2XC9nYWxlcmlhLWthbWFyLWRyZXctNi5qcGciLCJzbGlkZXNob3ciOiJjZTBiODcxIn0%3D\" href='https:\/\/www.korowaniedrewna.pl\/wp-content\/uploads\/2022\/06\/galeria-kamar-drew-6.jpg'><img width=\"300\" height=\"208\" src=\"https:\/\/www.korowaniedrewna.pl\/wp-content\/uploads\/2022\/06\/galeria-kamar-drew-6-300x208.jpg\" class=\"attachment-medium size-medium\" alt=\"\" decoding=\"async\" loading=\"lazy\" srcset=\"https:\/\/www.korowaniedrewna.pl\/wp-content\/uploads\/2022\/06\/galeria-kamar-drew-6-300x208.jpg 300w, https:\/\/www.korowaniedrewna.pl\/wp-content\/uploads\/2022\/06\/galeria-kamar-drew-6.jpg 559w\" sizes=\"(max-width: 300px) 100vw, 300px\" \/><\/a>\n\t\t\t<\/div><\/figure>\n\t\t<\/div>\n\t\t<\/div>\n\t\t\t\t<\/div>\n\t\t\t\t<\/div>\n\t\t\t\t<div class=\"elementor-element elementor-element-dd51677 elementor-widget elementor-widget-video\" data-id=\"dd51677\" data-element_type=\"widget\" data-settings=\"{&quot;youtube_url&quot;:&quot;https:\\\/\\\/www.youtube.com\\\/watch?v=rW7xS9ba3O8&quot;,&quot;video_type&quot;:&quot;youtube&quot;,&quot;controls&quot;:&quot;yes&quot;}\" data-widget_type=\"video.default\">\n\t\t\t\t<div class=\"elementor-widget-container\">\n\t\t\t<style>\/*! elementor - v3.11.3 - 07-03-2023 *\/\n.elementor-widget-video .elementor-widget-container{overflow:hidden;transform:translateZ(0)}.elementor-widget-video .elementor-wrapper iframe,.elementor-widget-video .elementor-wrapper video{height:100%;width:100%;border:none;background-color:#000}.elementor-widget-video .elementor-open-inline .elementor-custom-embed-image-overlay{position:absolute;top:0;left:0;width:100%;height:100%;background-size:cover;background-position:50%}.elementor-widget-video .elementor-custom-embed-image-overlay{cursor:pointer;text-align:center}.elementor-widget-video .elementor-custom-embed-image-overlay:hover .elementor-custom-embed-play i{opacity:1}.elementor-widget-video .elementor-custom-embed-image-overlay img{display:block;width:100%}.elementor-widget-video .e-hosted-video .elementor-video{-o-object-fit:cover;object-fit:cover}.e-con-inner>.elementor-widget-video,.e-con>.elementor-widget-video{width:var(--container-widget-width);--flex-grow:var(--container-widget-flex-grow)}<\/style>\t\t<div class=\"elementor-wrapper elementor-open-inline\">\n\t\t\t<div class=\"elementor-video\"><\/div>\t\t<\/div>\n\t\t\t\t<\/div>\n\t\t\t\t<\/div>\n\t\t\t\t<div class=\"elementor-element elementor-element-99392fc elementor-widget elementor-widget-spacer\" data-id=\"99392fc\" data-element_type=\"widget\" data-widget_type=\"spacer.default\">\n\t\t\t\t<div class=\"elementor-widget-container\">\n\t\t\t\t\t<div class=\"elementor-spacer\">\n\t\t\t<div class=\"elementor-spacer-inner\"><\/div>\n\t\t<\/div>\n\t\t\t\t<\/div>\n\t\t\t\t<\/div>\n\t\t\t\t\t<\/div>\n\t\t<\/div>\n\t\t\t\t\t\t\t<\/div>\n\t\t<\/section>\n\t\t\t\t<section class=\"elementor-section elementor-top-section elementor-element elementor-element-42534d9 elementor-section-stretched elementor-section-full_width elementor-section-height-default elementor-section-height-default\" data-id=\"42534d9\" data-element_type=\"section\" data-settings=\"{&quot;stretch_section&quot;:&quot;section-stretched&quot;,&quot;background_background&quot;:&quot;classic&quot;}\">\n\t\t\t\t\t\t\t<div class=\"elementor-background-overlay\"><\/div>\n\t\t\t\t\t\t\t<div class=\"elementor-container elementor-column-gap-default\">\n\t\t\t\t\t<div class=\"elementor-column elementor-col-100 elementor-top-column elementor-element elementor-element-49daae1\" data-id=\"49daae1\" data-element_type=\"column\">\n\t\t\t<div class=\"elementor-widget-wrap elementor-element-populated\">\n\t\t\t\t\t\t\t\t<div class=\"elementor-element elementor-element-81b5bf0 elementor-widget elementor-widget-spacer\" data-id=\"81b5bf0\" data-element_type=\"widget\" data-widget_type=\"spacer.default\">\n\t\t\t\t<div class=\"elementor-widget-container\">\n\t\t\t\t\t<div class=\"elementor-spacer\">\n\t\t\t<div class=\"elementor-spacer-inner\"><\/div>\n\t\t<\/div>\n\t\t\t\t<\/div>\n\t\t\t\t<\/div>\n\t\t\t\t<div class=\"elementor-element elementor-element-3c6dc06 align-center elementor-widget elementor-widget-mae-headings\" data-id=\"3c6dc06\" data-element_type=\"widget\" data-widget_type=\"mae-headings.default\">\n\t\t\t\t<div class=\"elementor-widget-container\">\n\t\t\t\t\t<div class=\"master-heading\">\n\t        \t            <div class=\"pre-heading\">Sie haben interesse an unserem angebot?<\/div>\n\t        \n\t        \t        <h2 class=\"main-heading\">Wir haben <span class=\"font-weight-600\">ein professionelles Team<\/span>, das Ihr Holz vorbereitet<\/h2>\n\t        \n\t        \n\t        \t    <\/div>\n\t    \t\t<\/div>\n\t\t\t\t<\/div>\n\t\t\t\t<div class=\"elementor-element elementor-element-67d1995 elementor-widget elementor-widget-spacer\" data-id=\"67d1995\" data-element_type=\"widget\" data-widget_type=\"spacer.default\">\n\t\t\t\t<div class=\"elementor-widget-container\">\n\t\t\t\t\t<div class=\"elementor-spacer\">\n\t\t\t<div class=\"elementor-spacer-inner\"><\/div>\n\t\t<\/div>\n\t\t\t\t<\/div>\n\t\t\t\t<\/div>\n\t\t\t\t<div class=\"elementor-element elementor-element-dce2dce align-center elementor-widget elementor-widget-mae-button\" data-id=\"dce2dce\" data-element_type=\"widget\" data-widget_type=\"mae-button.default\">\n\t\t\t\t<div class=\"elementor-widget-container\">\n\t\t\t\n        <a class=\"master-button btn-accent icon-none small\" href=\"\/de\/kontakt\/\" >\n                        <span>Kontaktiere uns<\/span>\n                    <\/a>\n\n        \t\t<\/div>\n\t\t\t\t<\/div>\n\t\t\t\t<div class=\"elementor-element elementor-element-def4f32 elementor-widget elementor-widget-spacer\" data-id=\"def4f32\" data-element_type=\"widget\" data-widget_type=\"spacer.default\">\n\t\t\t\t<div class=\"elementor-widget-container\">\n\t\t\t\t\t<div class=\"elementor-spacer\">\n\t\t\t<div class=\"elementor-spacer-inner\"><\/div>\n\t\t<\/div>\n\t\t\t\t<\/div>\n\t\t\t\t<\/div>\n\t\t\t\t\t<\/div>\n\t\t<\/div>\n\t\t\t\t\t\t\t<\/div>\n\t\t<\/section>\n\t\t\t\t\t\t\t<\/div>\n\t\t","protected":false},"excerpt":{"rendered":"<p>Gesellschaft KAMAR-DREW Janusz Grabowski Die Firma KAMAR-DREW Janusz Grabowski ist seit dem 1. Dezember 1996, also seit \u00fcber 26 Jahren, auf dem polnischen Markt t\u00e4tig. Der Hauptsitz des Unternehmens befindet sich in Daleszewo (17 km von Szczecin und 11 km vom Grenz\u00fcbergang in Ko\u0142baskowo entfernt), wo eine 1 Hektar gro\u00dfe<\/p>\n","protected":false},"author":1,"featured_media":0,"parent":0,"menu_order":0,"comment_status":"closed","ping_status":"closed","template":"","meta":[],"aioseo_notices":[],"_links":{"self":[{"href":"https:\/\/www.korowaniedrewna.pl\/de\/wp-json\/wp\/v2\/pages\/3072"}],"collection":[{"href":"https:\/\/www.korowaniedrewna.pl\/de\/wp-json\/wp\/v2\/pages"}],"about":[{"href":"https:\/\/www.korowaniedrewna.pl\/de\/wp-json\/wp\/v2\/types\/page"}],"author":[{"embeddable":true,"href":"https:\/\/www.korowaniedrewna.pl\/de\/wp-json\/wp\/v2\/users\/1"}],"replies":[{"embeddable":true,"href":"https:\/\/www.korowaniedrewna.pl\/de\/wp-json\/wp\/v2\/comments?post=3072"}],"version-history":[{"count":23,"href":"https:\/\/www.korowaniedrewna.pl\/de\/wp-json\/wp\/v2\/pages\/3072\/revisions"}],"predecessor-version":[{"id":3598,"href":"https:\/\/www.korowaniedrewna.pl\/de\/wp-json\/wp\/v2\/pages\/3072\/revisions\/3598"}],"wp:attachment":[{"href":"https:\/\/www.korowaniedrewna.pl\/de\/wp-json\/wp\/v2\/media?parent=3072"}],"curies":[{"name":"wp","href":"https:\/\/api.w.org\/{rel}","templated":true}]}}